{"id":65,"date":"2025-09-04T13:13:18","date_gmt":"2025-09-04T11:13:18","guid":{"rendered":"https:\/\/erfolgsrezepte-imbiss.de\/Erfolgsrezepte-Imbiss\/contact\/"},"modified":"2025-10-25T15:55:08","modified_gmt":"2025-10-25T13:55:08","slug":"contact","status":"publish","type":"page","link":"https:\/\/erfolgsrezepte-imbiss.de\/Erfolgsrezepte-Imbiss\/contact\/","title":{"rendered":"Impressum"},"content":{"rendered":"\t\t<div data-elementor-type=\"wp-page\" data-elementor-id=\"65\" class=\"elementor elementor-65\" data-elementor-post-type=\"page\">\n\t\t\t\t<div class=\"elementor-element elementor-element-3f431153 e-flex e-con-boxed e-con e-parent\" data-id=\"3f431153\" data-element_type=\"container\">\n\t\t\t\t\t<div class=\"e-con-inner\">\n\t\t<div class=\"elementor-element elementor-element-f72c43d e-con-full e-flex e-con e-child\" data-id=\"f72c43d\" data-element_type=\"container\">\n\t\t\t\t<div class=\"elementor-element elementor-element-52bec61 elementor-widget elementor-widget-text-editor\" data-id=\"52bec61\" data-element_type=\"widget\" data-widget_type=\"text-editor.default\">\n\t\t\t\t\t\t\t\t\t<h2>Impressum<\/h2><p>Alicja Trefon<\/p><p>Steeg 12<\/p><p>47906 Kempen<\/p><h3><!--block-->Kontaktm\u00f6glichkeiten<\/h3><p><!--block-->E-Mail-Adresse:<a href=\"mailto:kempenergrill@web.de\"> kempenergrill@web.de<\/a><\/p><p>\u00a0<\/p><p><span style=\"color: inherit; font-family: inherit; font-size: 2rem;\">Haftungs- und Schutzrechtshinweise<\/span><\/p><p><!--block-->Haftungsausschluss: Die Inhalte dieses Onlineangebotes wurden sorgf\u00e4ltig und nach unserem aktuellen Kenntnisstand erstellt, dienen jedoch nur der Information und entfalten keine rechtlich bindende Wirkung, sofern es sich nicht um gesetzlich verpflichtende Informationen (z. B. das Impressum, die Datenschutzerkl\u00e4rung, AGB oder verpflichtende Belehrungen von Verbrauchern) handelt. Wir behalten uns vor, die Inhalte vollst\u00e4ndig oder teilweise zu \u00e4ndern oder zu l\u00f6schen, soweit vertragliche Verpflichtungen unber\u00fchrt bleiben. Alle Angebote sind freibleibend und unverbindlich.<\/p><p><!--block--><a href=\"https:\/\/datenschutz-generator.de\/\" target=\"_blank\" rel=\"noopener\">Erstellt mit kostenlosem Datenschutz-Generator.de von Dr. Thomas Schwenke<\/a><\/p>\t\t\t\t\t\t\t\t<\/div>\n\t\t\t\t<\/div>\n\t\t\t\t\t<\/div>\n\t\t\t\t<\/div>\n\t\t\t\t<\/div>\n\t\t","protected":false},"excerpt":{"rendered":"<p>Impressum Alicja Trefon Steeg 12 47906 Kempen Kontaktm\u00f6glichkeiten E-Mail-Adresse: kempenergrill@web.de Haftungs- und Schutzrechtshinweise Haftungsausschluss: Die Inhalte dieses Onlineangebotes wurden sorgf\u00e4ltig und nach unserem aktuellen Kenntnisstand erstellt, dienen jedoch nur der Information und entfalten keine rechtlich bindende Wirkung, sofern es sich nicht um gesetzlich verpflichtende Informationen (z. B. das Impressum, die Datenschutzerkl\u00e4rung, AGB oder verpflichtende Belehrungen [&hellip;]<\/p>\n","protected":false},"author":1,"featured_media":0,"parent":0,"menu_order":0,"comment_status":"closed","ping_status":"closed","template":"elementor_header_footer","meta":{"footnotes":""},"class_list":["post-65","page","type-page","status-publish","hentry"],"_links":{"self":[{"href":"https:\/\/erfolgsrezepte-imbiss.de\/Erfolgsrezepte-Imbiss\/wp-json\/wp\/v2\/pages\/65","targetHints":{"allow":["GET"]}}],"collection":[{"href":"https:\/\/erfolgsrezepte-imbiss.de\/Erfolgsrezepte-Imbiss\/wp-json\/wp\/v2\/pages"}],"about":[{"href":"https:\/\/erfolgsrezepte-imbiss.de\/Erfolgsrezepte-Imbiss\/wp-json\/wp\/v2\/types\/page"}],"author":[{"embeddable":true,"href":"https:\/\/erfolgsrezepte-imbiss.de\/Erfolgsrezepte-Imbiss\/wp-json\/wp\/v2\/users\/1"}],"replies":[{"embeddable":true,"href":"https:\/\/erfolgsrezepte-imbiss.de\/Erfolgsrezepte-Imbiss\/wp-json\/wp\/v2\/comments?post=65"}],"version-history":[{"count":10,"href":"https:\/\/erfolgsrezepte-imbiss.de\/Erfolgsrezepte-Imbiss\/wp-json\/wp\/v2\/pages\/65\/revisions"}],"predecessor-version":[{"id":434,"href":"https:\/\/erfolgsrezepte-imbiss.de\/Erfolgsrezepte-Imbiss\/wp-json\/wp\/v2\/pages\/65\/revisions\/434"}],"wp:attachment":[{"href":"https:\/\/erfolgsrezepte-imbiss.de\/Erfolgsrezepte-Imbiss\/wp-json\/wp\/v2\/media?parent=65"}],"curies":[{"name":"wp","href":"https:\/\/api.w.org\/{rel}","templated":true}]}}